{"id":5246,"date":"2021-03-08T13:35:32","date_gmt":"2021-03-08T13:35:32","guid":{"rendered":"https:\/\/asymmetric-agency.liquid-themes.com\/staging\/?page_id=5246"},"modified":"2025-04-22T15:08:05","modified_gmt":"2025-04-22T15:08:05","slug":"contact","status":"publish","type":"page","link":"https:\/\/thedunesagency.com\/fr\/contact\/","title":{"rendered":"Contact"},"content":{"rendered":"<div data-elementor-type=\"wp-page\" data-elementor-id=\"5246\" class=\"elementor elementor-5246\">\n\t\t\t\t<div class=\"elementor-element elementor-element-80cf31f e-con-full e-flex e-con e-parent\" data-id=\"80cf31f\" data-element_type=\"container\" data-e-type=\"container\" data-settings=\"{&quot;background_background&quot;:&quot;classic&quot;}\">\n\t\t<div class=\"elementor-element elementor-element-e352da8 e-con-full contact-blurr e-flex e-con e-child\" data-id=\"e352da8\" data-element_type=\"container\" data-e-type=\"container\" data-settings=\"{&quot;background_background&quot;:&quot;classic&quot;}\">\n\t\t<div class=\"elementor-element elementor-element-f3fea12 e-con-full e-flex e-con e-child\" data-id=\"f3fea12\" data-element_type=\"container\" data-e-type=\"container\" data-settings=\"{&quot;background_background&quot;:&quot;classic&quot;}\">\n\t\t\t\t<div class=\"elementor-element elementor-element-a225e56 elementor-widget elementor-widget-ld_fancy_image\" data-id=\"a225e56\" data-element_type=\"widget\" data-e-type=\"widget\" data-widget_type=\"ld_fancy_image.default\">\n\t\t\t\t<div class=\"elementor-widget-container\">\n\t\t\t\t\t\n\t\t<div class=\"lqd-imggrp-single d-block pos-rel\">\n\t\t\t<div class=\"lqd-imggrp-img-container d-inline-flex pos-rel align-items-center justify-content-center\">\n\t\t\t\t\t\t\t\t<figure class=\"w-100 pos-rel\">\n\t\t\t\t\t<img fetchpriority=\"high\" decoding=\"async\" width=\"878\" height=\"213\" src=\"https:\/\/thedunesagency.com\/wp-content\/uploads\/2023\/10\/Group-185.png\" class=\"attachment-full size-full wp-image-10111\" alt=\"\" srcset=\"https:\/\/thedunesagency.com\/wp-content\/uploads\/2023\/10\/Group-185.png 878w, https:\/\/thedunesagency.com\/wp-content\/uploads\/2023\/10\/Group-185-300x73.png 300w, https:\/\/thedunesagency.com\/wp-content\/uploads\/2023\/10\/Group-185-18x4.png 18w\" sizes=\"(max-width: 878px) 100vw, 878px\" itemprop=\"image\" \/>\t\t\t\t\t\t\t\t\t\t\t\t\t\t\t\t\t\t\t\t\t\t\t\t\t\t\t\t\t<\/figure>\n\t\t\t<\/div>\n\t\t<\/div>\n\n\t\t\t\t\t<\/div>\n\t\t\t\t<\/div>\n\t\t\t\t<div class=\"elementor-element elementor-element-de4e1d1 elementor-widget elementor-widget-hub_fancy_heading\" data-id=\"de4e1d1\" data-element_type=\"widget\" data-e-type=\"widget\" data-widget_type=\"hub_fancy_heading.default\">\n\t\t\t\t<div class=\"elementor-widget-container\">\n\t\t\t\t\t\n\t\t<div id=\"ld-fancy-heading-69d98e8ebcf27\" class=\"ld-fancy-heading pos-rel\">\n\t\t\t<h3 class=\"ld-fh-element d-inline-block pos-rel  elementor-heading-title lqd-highlight-classic lqd-highlight-grow-left h3\"  > Montr\u00e9al\n<\/h3>\t\t<\/div>\n\n\t\t\t\t\t\t<\/div>\n\t\t\t\t<\/div>\n\t\t\t\t<div class=\"elementor-element elementor-element-036a3cf elementor-widget elementor-widget-hub_fancy_heading\" data-id=\"036a3cf\" data-element_type=\"widget\" data-e-type=\"widget\" data-widget_type=\"hub_fancy_heading.default\">\n\t\t\t\t<div class=\"elementor-widget-container\">\n\t\t\t\t\t\n\t\t<div id=\"ld-fancy-heading-69d98e8ebd6ba\" class=\"ld-fancy-heading pos-rel\">\n\t\t\t<h3 class=\"ld-fh-element d-inline-block pos-rel  elementor-heading-title lqd-highlight-classic lqd-highlight-grow-left h3\"  > +1 514 992 7559<br>7075 Place Robert Joncas #142<br>\nMontreal, Quebec, H4M2V9<\/h3>\t\t<\/div>\n\n\t\t\t\t\t\t<\/div>\n\t\t\t\t<\/div>\n\t\t\t\t<\/div>\n\t\t<div class=\"elementor-element elementor-element-c1bffaa e-con-full e-flex e-con e-child\" data-id=\"c1bffaa\" data-element_type=\"container\" data-e-type=\"container\" data-settings=\"{&quot;background_background&quot;:&quot;classic&quot;}\">\n\t\t\t\t<div class=\"elementor-element elementor-element-bd52c16 elementor-widget elementor-widget-hub_fancy_heading\" data-id=\"bd52c16\" data-element_type=\"widget\" data-e-type=\"widget\" data-widget_type=\"hub_fancy_heading.default\">\n\t\t\t\t<div class=\"elementor-widget-container\">\n\t\t\t\t\t\n\t\t<div id=\"ld-fancy-heading-69d98e8ebdd26\" class=\"ld-fancy-heading pos-rel\">\n\t\t\t<h3 class=\"ld-fh-element d-inline-block pos-rel  elementor-heading-title lqd-highlight-classic lqd-highlight-grow-left h3\"  > Des questions? Faisons \u00e9quipe!<\/h3>\t\t<\/div>\n\n\t\t\t\t\t\t<\/div>\n\t\t\t\t<\/div>\n\t\t\t\t<div class=\"elementor-element elementor-element-92862bd elementor-widget elementor-widget-hub_fancy_heading\" data-id=\"92862bd\" data-element_type=\"widget\" data-e-type=\"widget\" data-widget_type=\"hub_fancy_heading.default\">\n\t\t\t\t<div class=\"elementor-widget-container\">\n\t\t\t\t\t\n\t\t<div id=\"ld-fancy-heading-69d98e8ebe37f\" class=\"ld-fancy-heading pos-rel\">\n\t\t\t<h3 class=\"ld-fh-element d-inline-block pos-rel  elementor-heading-title lqd-highlight-classic lqd-highlight-grow-left h3\"  > CONTACTEZ-NOUS<\/h3>\t\t<\/div>\n\n\t\t\t\t\t\t<\/div>\n\t\t\t\t<\/div>\n\t\t\t\t<div class=\"elementor-element elementor-element-76dfc8b elementor-widget elementor-widget-ld_cf722\" data-id=\"76dfc8b\" data-element_type=\"widget\" data-e-type=\"widget\" data-widget_type=\"ld_cf722.default\">\n\t\t\t\t<div class=\"elementor-widget-container\">\n\t\t\t\t\t\n\t<div class=\"lqd-contact-form lqd-contact-form-inputs-underlined\">\n\t\t\n<div class=\"wpcf7 no-js\" id=\"wpcf7-f6-o1\" lang=\"en-US\" dir=\"ltr\" data-wpcf7-id=\"6\">\n<div class=\"screen-reader-response\"><p role=\"status\" aria-live=\"polite\" aria-atomic=\"true\"><\/p> <ul><\/ul><\/div>\n<form action=\"\/fr\/wp-json\/wp\/v2\/pages\/5246#wpcf7-f6-o1\" method=\"post\" class=\"wpcf7-form init\" aria-label=\"Contact form\" novalidate=\"novalidate\" data-status=\"init\" data-trp-original-action=\"\/fr\/wp-json\/wp\/v2\/pages\/5246#wpcf7-f6-o1\">\n<fieldset class=\"hidden-fields-container\"><input type=\"hidden\" name=\"_wpcf7\" value=\"6\" \/><input type=\"hidden\" name=\"_wpcf7_version\" value=\"6.1.2\" \/><input type=\"hidden\" name=\"_wpcf7_locale\" value=\"en_US\" \/><input type=\"hidden\" name=\"_wpcf7_unit_tag\" value=\"wpcf7-f6-o1\" \/><input type=\"hidden\" name=\"_wpcf7_container_post\" value=\"0\" \/><input type=\"hidden\" name=\"_wpcf7_posted_data_hash\" value=\"\" \/><input type=\"hidden\" name=\"_wpcf7_recaptcha_response\" value=\"\" \/>\n<\/fieldset>\n<p><label><br \/>\n<span class=\"wpcf7-form-control-wrap\" data-name=\"text-576\"><input size=\"40\" maxlength=\"400\" class=\"wpcf7-form-control wpcf7-text wpcf7-validates-as-required\" aria-required=\"true\" aria-invalid=\"false\" placeholder=\"Pr\u00e9nom et nom de famille\" value=\"\" type=\"text\" name=\"text-576\" \/><\/span> <\/label>\n<\/p>\n<p><label><br \/>\n<span class=\"wpcf7-form-control-wrap\" data-name=\"text-576\"><input size=\"40\" maxlength=\"400\" class=\"wpcf7-form-control wpcf7-text wpcf7-validates-as-required\" aria-required=\"true\" aria-invalid=\"false\" placeholder=\"Compagnie\" value=\"\" type=\"text\" name=\"text-576\" \/><\/span><\/label>\n<\/p>\n<p><label><br \/>\n<span class=\"wpcf7-form-control-wrap\" data-name=\"email-7\"><input size=\"40\" maxlength=\"400\" class=\"wpcf7-form-control wpcf7-email wpcf7-validates-as-required wpcf7-text wpcf7-validates-as-email\" aria-required=\"true\" aria-invalid=\"false\" placeholder=\"Adresse courriel\" value=\"\" type=\"email\" name=\"email-7\" \/><\/span><\/label>\n<\/p>\n<p><label><br \/>\n<span class=\"wpcf7-form-control-wrap\" data-name=\"tel-868\"><input size=\"40\" maxlength=\"400\" class=\"wpcf7-form-control wpcf7-tel wpcf7-text wpcf7-validates-as-tel\" aria-invalid=\"false\" placeholder=\"Num\u00e9ro de t\u00e9l\u00e9phone\" value=\"\" type=\"tel\" name=\"tel-868\" \/><\/span><\/label>\n<\/p>\n<p><label><br \/>\n<span class=\"wpcf7-form-control-wrap\" data-name=\"textarea-160\"><textarea cols=\"40\" rows=\"10\" maxlength=\"2000\" class=\"wpcf7-form-control wpcf7-textarea\" aria-invalid=\"false\" placeholder=\"Vos projets\" name=\"textarea-160\"><\/textarea><\/span><\/label>\n<\/p>\n<p><input class=\"wpcf7-form-control wpcf7-submit has-spinner\" type=\"submit\" value=\"Envoyer\" \/>\n<\/p><div class=\"wpcf7-response-output\" aria-hidden=\"true\"><\/div>\n<input type=\"hidden\" name=\"trp-form-language\" value=\"fr\"\/><\/form>\n<\/div>\n\t<\/div>\n\n\t\t\t\t\t<\/div>\n\t\t\t\t<\/div>\n\t\t\t\t<\/div>\n\t\t\t\t<\/div>\n\t\t\t\t<\/div>\n\t\t\t\t<\/div>","protected":false},"excerpt":{"rendered":"<p>Montr\u00e9al +1 514 992 75595013 Rue de Verdun, Verdun, QC H4G 1N5, Canada Need help? CONTACT US<\/p>","protected":false},"author":1,"featured_media":0,"parent":0,"menu_order":0,"comment_status":"closed","ping_status":"closed","template":"","meta":{"footnotes":""},"class_list":["post-5246","page","type-page","status-publish","hentry"],"yoast_head":"<!-- This site is optimized with the Yoast SEO plugin v26.1.1 - https:\/\/yoast.com\/wordpress\/plugins\/seo\/ -->\n<title>Contact - The Dunes Agency<\/title>\n<meta name=\"robots\" content=\"index, follow, max-snippet:-1, max-image-preview:large, max-video-preview:-1\" \/>\n<link rel=\"canonical\" href=\"https:\/\/moccasin-goshawk-175258.hostingersite.com\/contact\/\" \/>\n<meta property=\"og:locale\" content=\"fr_CA\" \/>\n<meta property=\"og:type\" content=\"article\" \/>\n<meta property=\"og:title\" content=\"Contact - The Dunes Agency\" \/>\n<meta property=\"og:description\" content=\"Montr\u00e9al +1 514 992 75595013 Rue de Verdun, Verdun, QC H4G 1N5, Canada Need help? CONTACT US\" \/>\n<meta property=\"og:url\" content=\"https:\/\/moccasin-goshawk-175258.hostingersite.com\/contact\/\" \/>\n<meta property=\"og:site_name\" content=\"The Dunes Agency\" \/>\n<meta property=\"article:modified_time\" content=\"2025-04-22T15:08:05+00:00\" \/>\n<meta property=\"og:image\" content=\"https:\/\/thedunesagency.com\/wp-content\/uploads\/2023\/10\/Group-185.png\" \/>\n\t<meta property=\"og:image:width\" content=\"878\" \/>\n\t<meta property=\"og:image:height\" content=\"213\" \/>\n\t<meta property=\"og:image:type\" content=\"image\/png\" \/>\n<meta name=\"twitter:card\" content=\"summary_large_image\" \/>\n<meta name=\"twitter:label1\" content=\"Estimation du temps de lecture\" \/>\n\t<meta name=\"twitter:data1\" content=\"1 minute\" \/>\n<script type=\"application\/ld+json\" class=\"yoast-schema-graph\">{\"@context\":\"https:\/\/schema.org\",\"@graph\":[{\"@type\":\"WebPage\",\"@id\":\"https:\/\/moccasin-goshawk-175258.hostingersite.com\/contact\/\",\"url\":\"https:\/\/moccasin-goshawk-175258.hostingersite.com\/contact\/\",\"name\":\"Contact - The Dunes Agency\",\"isPartOf\":{\"@id\":\"https:\/\/moccasin-goshawk-175258.hostingersite.com\/#website\"},\"primaryImageOfPage\":{\"@id\":\"https:\/\/moccasin-goshawk-175258.hostingersite.com\/contact\/#primaryimage\"},\"image\":{\"@id\":\"https:\/\/moccasin-goshawk-175258.hostingersite.com\/contact\/#primaryimage\"},\"thumbnailUrl\":\"https:\/\/thedunesagency.com\/wp-content\/uploads\/2023\/10\/Group-185.png\",\"datePublished\":\"2021-03-08T13:35:32+00:00\",\"dateModified\":\"2025-04-22T15:08:05+00:00\",\"breadcrumb\":{\"@id\":\"https:\/\/moccasin-goshawk-175258.hostingersite.com\/contact\/#breadcrumb\"},\"inLanguage\":\"fr-CA\",\"potentialAction\":[{\"@type\":\"ReadAction\",\"target\":[\"https:\/\/moccasin-goshawk-175258.hostingersite.com\/contact\/\"]}]},{\"@type\":\"ImageObject\",\"inLanguage\":\"fr-CA\",\"@id\":\"https:\/\/moccasin-goshawk-175258.hostingersite.com\/contact\/#primaryimage\",\"url\":\"https:\/\/thedunesagency.com\/wp-content\/uploads\/2023\/10\/Group-185.png\",\"contentUrl\":\"https:\/\/thedunesagency.com\/wp-content\/uploads\/2023\/10\/Group-185.png\"},{\"@type\":\"BreadcrumbList\",\"@id\":\"https:\/\/moccasin-goshawk-175258.hostingersite.com\/contact\/#breadcrumb\",\"itemListElement\":[{\"@type\":\"ListItem\",\"position\":1,\"name\":\"Home\",\"item\":\"https:\/\/thedunesagency.com\/\"},{\"@type\":\"ListItem\",\"position\":2,\"name\":\"Contact\"}]},{\"@type\":\"WebSite\",\"@id\":\"https:\/\/moccasin-goshawk-175258.hostingersite.com\/#website\",\"url\":\"https:\/\/moccasin-goshawk-175258.hostingersite.com\/\",\"name\":\"The Dunes Agency\",\"description\":\"\",\"publisher\":{\"@id\":\"https:\/\/moccasin-goshawk-175258.hostingersite.com\/#organization\"},\"potentialAction\":[{\"@type\":\"SearchAction\",\"target\":{\"@type\":\"EntryPoint\",\"urlTemplate\":\"https:\/\/moccasin-goshawk-175258.hostingersite.com\/?s={search_term_string}\"},\"query-input\":{\"@type\":\"PropertyValueSpecification\",\"valueRequired\":true,\"valueName\":\"search_term_string\"}}],\"inLanguage\":\"fr-CA\"},{\"@type\":\"Organization\",\"@id\":\"https:\/\/moccasin-goshawk-175258.hostingersite.com\/#organization\",\"name\":\"The Dunes Agency\",\"url\":\"https:\/\/moccasin-goshawk-175258.hostingersite.com\/\",\"logo\":{\"@type\":\"ImageObject\",\"inLanguage\":\"fr-CA\",\"@id\":\"https:\/\/moccasin-goshawk-175258.hostingersite.com\/#\/schema\/logo\/image\/\",\"url\":\"https:\/\/thedunesagency.com\/wp-content\/uploads\/2020\/11\/DUNES-Dunes-Logo-Black.png\",\"contentUrl\":\"https:\/\/thedunesagency.com\/wp-content\/uploads\/2020\/11\/DUNES-Dunes-Logo-Black.png\",\"width\":1794,\"height\":427,\"caption\":\"The Dunes Agency\"},\"image\":{\"@id\":\"https:\/\/moccasin-goshawk-175258.hostingersite.com\/#\/schema\/logo\/image\/\"}}]}<\/script>\n<!-- \/ Yoast SEO plugin. -->","yoast_head_json":{"title":"Contact - The Dunes Agency","robots":{"index":"index","follow":"follow","max-snippet":"max-snippet:-1","max-image-preview":"max-image-preview:large","max-video-preview":"max-video-preview:-1"},"canonical":"https:\/\/moccasin-goshawk-175258.hostingersite.com\/contact\/","og_locale":"fr_CA","og_type":"article","og_title":"Contact - The Dunes Agency","og_description":"Montr\u00e9al +1 514 992 75595013 Rue de Verdun, Verdun, QC H4G 1N5, Canada Need help? CONTACT US","og_url":"https:\/\/moccasin-goshawk-175258.hostingersite.com\/contact\/","og_site_name":"The Dunes Agency","article_modified_time":"2025-04-22T15:08:05+00:00","og_image":[{"width":878,"height":213,"url":"https:\/\/thedunesagency.com\/wp-content\/uploads\/2023\/10\/Group-185.png","type":"image\/png"}],"twitter_card":"summary_large_image","twitter_misc":{"Estimation du temps de lecture":"1 minute"},"schema":{"@context":"https:\/\/schema.org","@graph":[{"@type":"WebPage","@id":"https:\/\/moccasin-goshawk-175258.hostingersite.com\/contact\/","url":"https:\/\/moccasin-goshawk-175258.hostingersite.com\/contact\/","name":"Contact - The Dunes Agency","isPartOf":{"@id":"https:\/\/moccasin-goshawk-175258.hostingersite.com\/#website"},"primaryImageOfPage":{"@id":"https:\/\/moccasin-goshawk-175258.hostingersite.com\/contact\/#primaryimage"},"image":{"@id":"https:\/\/moccasin-goshawk-175258.hostingersite.com\/contact\/#primaryimage"},"thumbnailUrl":"https:\/\/thedunesagency.com\/wp-content\/uploads\/2023\/10\/Group-185.png","datePublished":"2021-03-08T13:35:32+00:00","dateModified":"2025-04-22T15:08:05+00:00","breadcrumb":{"@id":"https:\/\/moccasin-goshawk-175258.hostingersite.com\/contact\/#breadcrumb"},"inLanguage":"fr-CA","potentialAction":[{"@type":"ReadAction","target":["https:\/\/moccasin-goshawk-175258.hostingersite.com\/contact\/"]}]},{"@type":"ImageObject","inLanguage":"fr-CA","@id":"https:\/\/moccasin-goshawk-175258.hostingersite.com\/contact\/#primaryimage","url":"https:\/\/thedunesagency.com\/wp-content\/uploads\/2023\/10\/Group-185.png","contentUrl":"https:\/\/thedunesagency.com\/wp-content\/uploads\/2023\/10\/Group-185.png"},{"@type":"BreadcrumbList","@id":"https:\/\/moccasin-goshawk-175258.hostingersite.com\/contact\/#breadcrumb","itemListElement":[{"@type":"ListItem","position":1,"name":"Home","item":"https:\/\/thedunesagency.com\/"},{"@type":"ListItem","position":2,"name":"Contact"}]},{"@type":"WebSite","@id":"https:\/\/moccasin-goshawk-175258.hostingersite.com\/#website","url":"https:\/\/moccasin-goshawk-175258.hostingersite.com\/","name":"The Dunes Agency","description":"","publisher":{"@id":"https:\/\/moccasin-goshawk-175258.hostingersite.com\/#organization"},"potentialAction":[{"@type":"SearchAction","target":{"@type":"EntryPoint","urlTemplate":"https:\/\/moccasin-goshawk-175258.hostingersite.com\/?s={search_term_string}"},"query-input":{"@type":"PropertyValueSpecification","valueRequired":true,"valueName":"search_term_string"}}],"inLanguage":"fr-CA"},{"@type":"Organization","@id":"https:\/\/moccasin-goshawk-175258.hostingersite.com\/#organization","name":"The Dunes Agency","url":"https:\/\/moccasin-goshawk-175258.hostingersite.com\/","logo":{"@type":"ImageObject","inLanguage":"fr-CA","@id":"https:\/\/moccasin-goshawk-175258.hostingersite.com\/#\/schema\/logo\/image\/","url":"https:\/\/thedunesagency.com\/wp-content\/uploads\/2020\/11\/DUNES-Dunes-Logo-Black.png","contentUrl":"https:\/\/thedunesagency.com\/wp-content\/uploads\/2020\/11\/DUNES-Dunes-Logo-Black.png","width":1794,"height":427,"caption":"The Dunes Agency"},"image":{"@id":"https:\/\/moccasin-goshawk-175258.hostingersite.com\/#\/schema\/logo\/image\/"}}]}},"_links":{"self":[{"href":"https:\/\/thedunesagency.com\/fr\/wp-json\/wp\/v2\/pages\/5246","targetHints":{"allow":["GET"]}}],"collection":[{"href":"https:\/\/thedunesagency.com\/fr\/wp-json\/wp\/v2\/pages"}],"about":[{"href":"https:\/\/thedunesagency.com\/fr\/wp-json\/wp\/v2\/types\/page"}],"author":[{"embeddable":true,"href":"https:\/\/thedunesagency.com\/fr\/wp-json\/wp\/v2\/users\/1"}],"replies":[{"embeddable":true,"href":"https:\/\/thedunesagency.com\/fr\/wp-json\/wp\/v2\/comments?post=5246"}],"version-history":[{"count":72,"href":"https:\/\/thedunesagency.com\/fr\/wp-json\/wp\/v2\/pages\/5246\/revisions"}],"predecessor-version":[{"id":14280,"href":"https:\/\/thedunesagency.com\/fr\/wp-json\/wp\/v2\/pages\/5246\/revisions\/14280"}],"wp:attachment":[{"href":"https:\/\/thedunesagency.com\/fr\/wp-json\/wp\/v2\/media?parent=5246"}],"curies":[{"name":"wp","href":"https:\/\/api.w.org\/{rel}","templated":true}]}}