{"id":11641,"date":"2023-11-06T15:47:40","date_gmt":"2023-11-06T15:47:40","guid":{"rendered":"https:\/\/thedunesagency.com\/?page_id=11641"},"modified":"2023-12-08T12:22:22","modified_gmt":"2023-12-08T12:22:22","slug":"brand-dev","status":"publish","type":"page","link":"https:\/\/thedunesagency.com\/fr\/brand-dev\/","title":{"rendered":"D\u00e9veloppement &amp; image de marque"},"content":{"rendered":"<div data-elementor-type=\"wp-page\" data-elementor-id=\"11641\" class=\"elementor elementor-11641\">\n\t\t\t\t<div class=\"elementor-element elementor-element-2a2ab13 e-flex e-con-boxed e-con e-parent\" data-id=\"2a2ab13\" data-element_type=\"container\" data-e-type=\"container\" data-settings=\"{&quot;background_background&quot;:&quot;classic&quot;}\">\n\t\t\t\t\t<div class=\"e-con-inner\">\n\t\t<div class=\"elementor-element elementor-element-bcc3da1 e-con-full e-flex e-con e-child\" data-id=\"bcc3da1\" data-element_type=\"container\" data-e-type=\"container\">\n\t\t\t\t<div class=\"elementor-element elementor-element-89cd3bf elementor-hidden-desktop elementor-hidden-tablet elementor-hidden-mobile elementor-widget elementor-widget-ld_fancy_image\" data-id=\"89cd3bf\" data-element_type=\"widget\" data-e-type=\"widget\" data-widget_type=\"ld_fancy_image.default\">\n\t\t\t\t<div class=\"elementor-widget-container\">\n\t\t\t\t\t\n\t\t<div class=\"lqd-imggrp-single d-block pos-rel\">\n\t\t\t<div class=\"lqd-imggrp-img-container d-inline-flex pos-rel align-items-center justify-content-center\">\n\t\t\t\t\t\t\t\t<figure class=\"w-100 pos-rel\">\n\t\t\t\t\t<img decoding=\"async\" src=\"https:\/\/thedunesagency.com\/wp-content\/uploads\/2023\/11\/Group-343.svg\" class=\"attachment-full size-full wp-image-11801\" alt=\"\" itemprop=\"image\" \/>\t\t\t\t\t\t\t\t\t\t\t\t\t\t\t\t\t\t\t\t\t\t\t\t\t\t\t\t\t<\/figure>\n\t\t\t<\/div>\n\t\t<\/div>\n\n\t\t\t\t\t<\/div>\n\t\t\t\t<\/div>\n\t\t\t\t<\/div>\n\t\t\t\t<div class=\"elementor-element elementor-element-92c1b86 hero-title-shadow elementor-widget elementor-widget-hub_fancy_heading\" data-id=\"92c1b86\" data-element_type=\"widget\" data-e-type=\"widget\" data-widget_type=\"hub_fancy_heading.default\">\n\t\t\t\t<div class=\"elementor-widget-container\">\n\t\t\t\t\t\n\t\t<div id=\"ld-fancy-heading-69d98e958b0e1\" class=\"ld-fancy-heading pos-rel\">\n\t\t\t<h2 class=\"ld-fh-element d-inline-block pos-rel  elementor-heading-title lqd-highlight-classic lqd-highlight-grow-left h2\"  > D\u00e9veloppement &amp; image de marque<\/h2>\t\t<\/div>\n\n\t\t\t\t\t\t<\/div>\n\t\t\t\t<\/div>\n\t\t<div class=\"elementor-element elementor-element-211a92c e-con-full e-flex e-con e-child\" data-id=\"211a92c\" data-element_type=\"container\" data-e-type=\"container\">\n\t\t\t\t<div class=\"elementor-element elementor-element-aea0be8 elementor-widget elementor-widget-ld_fancy_image\" data-id=\"aea0be8\" data-element_type=\"widget\" data-e-type=\"widget\" data-widget_type=\"ld_fancy_image.default\">\n\t\t\t\t<div class=\"elementor-widget-container\">\n\t\t\t\t\t\n\t\t<div class=\"lqd-imggrp-single d-block pos-rel\">\n\t\t\t<div class=\"lqd-imggrp-img-container d-inline-flex pos-rel align-items-center justify-content-center\">\n\t\t\t\t\t\t\t\t<figure class=\"w-100 pos-rel\">\n\t\t\t\t\t<img decoding=\"async\" src=\"https:\/\/thedunesagency.com\/wp-content\/uploads\/2023\/11\/Group-343.svg\" class=\"attachment-full size-full wp-image-11801\" alt=\"\" itemprop=\"image\" \/>\t\t\t\t\t\t\t\t\t\t\t\t\t\t\t\t\t\t\t\t\t\t\t\t<a href=\"#next\" class=\"lqd-overlay lqd-fi-overlay-link lqd-cc-label-trigger\"><\/a>\n\t\t\t\t\t\t\t\t\t\t\t\t<\/figure>\n\t\t\t<\/div>\n\t\t<\/div>\n\n\t\t\t\t\t<\/div>\n\t\t\t\t<\/div>\n\t\t\t\t<\/div>\n\t\t\t\t\t<\/div>\n\t\t\t\t<\/div>\n\t\t<div class=\"elementor-element elementor-element-c309006 e-con-full e-flex e-con e-child\" data-id=\"c309006\" data-element_type=\"container\" data-e-type=\"container\" id=\"next\">\n\t\t<div class=\"elementor-element elementor-element-89552bf e-flex e-con-boxed e-con e-child\" data-id=\"89552bf\" data-element_type=\"container\" data-e-type=\"container\">\n\t\t\t\t\t<div class=\"e-con-inner\">\n\t\t\t\t<div class=\"elementor-element elementor-element-309356f elementor-widget-mobile__width-inherit elementor-widget elementor-widget-hub_fancy_heading\" data-id=\"309356f\" data-element_type=\"widget\" data-e-type=\"widget\" data-widget_type=\"hub_fancy_heading.default\">\n\t\t\t\t<div class=\"elementor-widget-container\">\n\t\t\t\t\t\n\t\t<div id=\"ld-fancy-heading-69d98e9595d06\" class=\"ld-fancy-heading pos-rel\">\n\t\t\t<h2 class=\"ld-fh-element d-inline-block pos-rel  elementor-heading-title lqd-highlight-classic lqd-highlight-grow-left h2\"  > <span style=\"color:white\">Unleash Your Online<\/span><br>Potential with <br>\ndes sites web exceptionnels<\/h2>\t\t<\/div>\n\n\t\t\t\t\t\t<\/div>\n\t\t\t\t<\/div>\n\t\t\t\t<div class=\"elementor-element elementor-element-623d05b elementor-widget-mobile__width-inherit elementor-widget elementor-widget-ld_fancy_image\" data-id=\"623d05b\" data-element_type=\"widget\" data-e-type=\"widget\" data-widget_type=\"ld_fancy_image.default\">\n\t\t\t\t<div class=\"elementor-widget-container\">\n\t\t\t\t\t\n\t\t<div class=\"lqd-imggrp-single d-block pos-rel\">\n\t\t\t<div class=\"lqd-imggrp-img-container d-inline-flex pos-rel align-items-center justify-content-center\">\n\t\t\t\t\t\t\t\t<figure class=\"w-100 pos-rel\">\n\t\t\t\t\t<img decoding=\"async\" src=\"https:\/\/thedunesagency.com\/wp-content\/uploads\/2023\/11\/Vector-10-1.svg\" class=\"attachment-full size-full wp-image-11667\" alt=\"\" itemprop=\"image\" \/>\t\t\t\t\t\t\t\t\t\t\t\t\t\t\t\t\t\t\t\t\t\t\t\t\t\t\t\t\t<\/figure>\n\t\t\t<\/div>\n\t\t<\/div>\n\n\t\t\t\t\t<\/div>\n\t\t\t\t<\/div>\n\t\t\t\t\t<\/div>\n\t\t\t\t<\/div>\n\t\t\t\t<\/div>\n\t\t<div class=\"elementor-element elementor-element-cac0aec e-flex e-con-boxed e-con e-parent\" data-id=\"cac0aec\" data-element_type=\"container\" data-e-type=\"container\">\n\t\t\t\t\t<div class=\"e-con-inner\">\n\t\t<div class=\"elementor-element elementor-element-e88538e e-con-full e-flex e-con e-child\" data-id=\"e88538e\" data-element_type=\"container\" data-e-type=\"container\">\n\t\t\t\t<div class=\"elementor-element elementor-element-d85123f elementor-hidden-mobile elementor-widget elementor-widget-ld_fancy_image\" data-id=\"d85123f\" data-element_type=\"widget\" data-e-type=\"widget\" data-widget_type=\"ld_fancy_image.default\">\n\t\t\t\t<div class=\"elementor-widget-container\">\n\t\t\t\t\t\n\t\t<div class=\"lqd-imggrp-single d-block pos-rel\">\n\t\t\t<div class=\"lqd-imggrp-img-container d-inline-flex pos-rel align-items-center justify-content-center\">\n\t\t\t\t\t\t\t\t<figure class=\"w-100 pos-rel\">\n\t\t\t\t\t<img decoding=\"async\" src=\"https:\/\/thedunesagency.com\/wp-content\/uploads\/2023\/11\/Group-346.svg\" class=\"attachment-full size-full wp-image-12021\" alt=\"\" itemprop=\"image\" \/>\t\t\t\t\t\t\t\t\t\t\t\t\t\t\t\t\t\t\t\t\t\t\t\t\t\t\t\t\t<\/figure>\n\t\t\t<\/div>\n\t\t<\/div>\n\n\t\t\t\t\t<\/div>\n\t\t\t\t<\/div>\n\t\t\t\t<\/div>\n\t\t<div class=\"elementor-element elementor-element-6d5c9eb e-con-full e-flex e-con e-child\" data-id=\"6d5c9eb\" data-element_type=\"container\" data-e-type=\"container\">\n\t\t\t\t<div class=\"elementor-element elementor-element-7fa6f99 elementor-widget elementor-widget-hub_fancy_heading\" data-id=\"7fa6f99\" data-element_type=\"widget\" data-e-type=\"widget\" data-widget_type=\"hub_fancy_heading.default\">\n\t\t\t\t<div class=\"elementor-widget-container\">\n\t\t\t\t\t\n\t\t<div id=\"ld-fancy-heading-69d98e95ac417\" class=\"ld-fancy-heading pos-rel\">\n\t\t\t<h2 class=\"ld-fh-element d-inline-block pos-rel  elementor-heading-title lqd-highlight-classic lqd-highlight-grow-left h2\"  > <span style=\"color:white\">Vous m\u00e9ritez<\/span> <br>des sites web exceptionnels\n<\/h2>\t\t<\/div>\n\n\t\t\t\t\t\t<\/div>\n\t\t\t\t<\/div>\n\t\t\t\t<div class=\"elementor-element elementor-element-e29e21e elementor-widget-tablet__width-inherit elementor-widget elementor-widget-hub_fancy_heading\" data-id=\"e29e21e\" data-element_type=\"widget\" data-e-type=\"widget\" data-widget_type=\"hub_fancy_heading.default\">\n\t\t\t\t<div class=\"elementor-widget-container\">\n\t\t\t\t\t\n\t\t<div id=\"ld-fancy-heading-69d98e95aceec\" class=\"ld-fancy-heading pos-rel\">\n\t\t\t<h2 class=\"ld-fh-element d-inline-block pos-rel  elementor-heading-title lqd-highlight-classic lqd-highlight-grow-left h2\"  > Notre service de gestion web propulse votre pr\u00e9sence en ligne vers de nouveaux sommets.\nOn cr\u00e9e des sites web percutants, \u00e9l\u00e9gants et taill\u00e9s pour la performance.<br><br>Nous comprenons vos besoins et vos objectifs uniques.\nNos experts con\u00e7oivent et d\u00e9ploient des strat\u00e9gies personnalis\u00e9es pour offrir une exp\u00e9rience utilisateur fluide, intuitive et m\u00e9morable.\n<br><br>De l'id\u00e9e \u00e0 la mise en ligne, nous g\u00e9rons chaque \u00e9tape du d\u00e9veloppement web. <br><br>Notre code propre garantit des sites rapides, s\u00e9curis\u00e9s et parfaitement optimis\u00e9s pour les moteurs de recherche.\n<br><br>Nous assurons des mises \u00e0 jour r\u00e9guli\u00e8res et accordons une grande importance \u00e0 vos retours.\nCollaborez avec nous pour un site web puissant qui capte l\u2019attention, convertit vos visiteurs et fait d\u00e9coller votre entreprise.<\/h2>\t\t<\/div>\n\n\t\t\t\t\t\t<\/div>\n\t\t\t\t<\/div>\n\t\t\t\t<div class=\"elementor-element elementor-element-f7202b3 elementor-widget elementor-widget-hub_fancy_heading\" data-id=\"f7202b3\" data-element_type=\"widget\" data-e-type=\"widget\" data-widget_type=\"hub_fancy_heading.default\">\n\t\t\t\t<div class=\"elementor-widget-container\">\n\t\t\t\t\t\n\t\t<div id=\"ld-fancy-heading-69d98e95ad8b6\" class=\"ld-fancy-heading pos-rel\">\n\t\t\t<h2 class=\"ld-fh-element d-inline-block pos-rel  elementor-heading-title lqd-highlight-classic lqd-highlight-grow-left h2\"  > <span style=\"color:white\">assurez plus de ventes <\/span> <br>avec des Landing pages puissantes<\/h2>\t\t<\/div>\n\n\t\t\t\t\t\t<\/div>\n\t\t\t\t<\/div>\n\t\t\t\t<div class=\"elementor-element elementor-element-82bce5c elementor-widget-tablet__width-inherit elementor-widget elementor-widget-hub_fancy_heading\" data-id=\"82bce5c\" data-element_type=\"widget\" data-e-type=\"widget\" data-widget_type=\"hub_fancy_heading.default\">\n\t\t\t\t<div class=\"elementor-widget-container\">\n\t\t\t\t\t\n\t\t<div id=\"ld-fancy-heading-69d98e95ae22c\" class=\"ld-fancy-heading pos-rel\">\n\t\t\t<h2 class=\"ld-fh-element d-inline-block pos-rel  elementor-heading-title lqd-highlight-classic lqd-highlight-grow-left h2\"  > Les landing pages (LP) sont des pages web con\u00e7ues avec un objectif pr\u00e9cis : g\u00e9n\u00e9rer des leads, stimuler les ventes ou promouvoir un produit ou service sp\u00e9cifique.\nChaque \u00e9l\u00e9ment y est pens\u00e9 pour guider l\u2019utilisateur vers l\u2019action. <br><br>Les landing pages sont essentielles car elles sont con\u00e7ues pour convertir.\nElles permettent une personnalisation fine, un meilleur suivi des performances, une optimisation du r\u00e9f\u00e9rencement naturel et un retour sur investissement renforc\u00e9.\nInt\u00e9gr\u00e9es \u00e0 une strat\u00e9gie marketing, elles augmentent vos chances de transformer les visiteurs en leads ou clients, ainsi atteindre vos objectifs avec pr\u00e9cision.<\/h2>\t\t<\/div>\n\n\t\t\t\t\t\t<\/div>\n\t\t\t\t<\/div>\n\t\t\t\t<div class=\"elementor-element elementor-element-26155f9 elementor-widget elementor-widget-hub_fancy_heading\" data-id=\"26155f9\" data-element_type=\"widget\" data-e-type=\"widget\" id=\"design-footer\" data-widget_type=\"hub_fancy_heading.default\">\n\t\t\t\t<div class=\"elementor-widget-container\">\n\t\t\t\t\t\n\t\t<div id=\"ld-fancy-heading-69d98e95aeb4f\" class=\"ld-fancy-heading pos-rel\">\n\t\t\t<h2 class=\"ld-fh-element d-inline-block pos-rel  elementor-heading-title lqd-highlight-classic lqd-highlight-grow-left h2\"  > <span style=\"color:white\">Laissez-nous \u00e9lever votre image de marque et<\/span> <br>Surpassez vos concurrents!<\/h2>\t\t<\/div>\n\n\t\t\t\t\t\t<\/div>\n\t\t\t\t<\/div>\n\t\t\t\t<div class=\"elementor-element elementor-element-503b007 elementor-widget-tablet__width-inherit elementor-widget elementor-widget-hub_fancy_heading\" data-id=\"503b007\" data-element_type=\"widget\" data-e-type=\"widget\" data-widget_type=\"hub_fancy_heading.default\">\n\t\t\t\t<div class=\"elementor-widget-container\">\n\t\t\t\t\t\n\t\t<div id=\"ld-fancy-heading-69d98e95af438\" class=\"ld-fancy-heading pos-rel\">\n\t\t\t<h2 class=\"ld-fh-element d-inline-block pos-rel  elementor-heading-title lqd-highlight-classic lqd-highlight-grow-left h2\"  > Nos services de branding donnent de l\u2019\u00e9lan \u00e0 votre entreprise et marquent les esprits gr\u00e2ce \u00e0 une identit\u00e9 forte qui vous distingue durablement.<br><br>Nous comprenons vos objectifs, votre audience et votre secteur, et d\u00e9veloppons des strat\u00e9gies de branding compl\u00e8tes qui font \u00e9cho \u00e0 votre identit\u00e9 et parlent \u00e0 votre march\u00e9.\n<br><br>Nous cr\u00e9ons une identit\u00e9 visuelle distinctive \u2014 logos, couleurs, typographie \u2014 et assurons une coh\u00e9rence de message sur tous les canaux pour cr\u00e9er une vraie connexion avec votre audience.\n <br><br>Associez-vous \u00e0 nous pour propulser votre marque et triompher dans un march\u00e9 ultra-comp\u00e9titif.<\/h2>\t\t<\/div>\n\n\t\t\t\t\t\t<\/div>\n\t\t\t\t<\/div>\n\t\t\t\t<\/div>\n\t\t\t\t\t<\/div>\n\t\t\t\t<\/div>\n\t\t<div class=\"elementor-element elementor-element-8afb607 e-con-full e-flex e-con e-parent\" data-id=\"8afb607\" data-element_type=\"container\" data-e-type=\"container\" data-settings=\"{&quot;background_background&quot;:&quot;classic&quot;}\">\n\t\t<div class=\"elementor-element elementor-element-6361b64 e-con-full about-us-blurr e-flex e-con e-child\" data-id=\"6361b64\" data-element_type=\"container\" data-e-type=\"container\">\n\t\t<div class=\"elementor-element elementor-element-64cdbd1 e-con-full e-flex e-con e-child\" data-id=\"64cdbd1\" data-element_type=\"container\" data-e-type=\"container\">\n\t\t\t\t<div class=\"elementor-element elementor-element-71e340e elementor-widget-mobile__width-inherit elementor-widget-tablet__width-inherit elementor-widget elementor-widget-hub_fancy_heading\" data-id=\"71e340e\" data-element_type=\"widget\" data-e-type=\"widget\" data-widget_type=\"hub_fancy_heading.default\">\n\t\t\t\t<div class=\"elementor-widget-container\">\n\t\t\t\t\t\n\t\t<div id=\"ld-fancy-heading-69d98e95afd58\" class=\"ld-fancy-heading pos-rel\">\n\t\t\t<h2 class=\"ld-fh-element d-inline-block pos-rel  elementor-heading-title lqd-highlight-classic lqd-highlight-grow-left h2\"  > Envie d\u2019en voir plus ? Faites-nous une demande et d\u00e9couvrez notre portfolio complet.<\/h2>\t\t<\/div>\n\n\t\t\t\t\t\t<\/div>\n\t\t\t\t<\/div>\n\t\t\t\t<div class=\"elementor-element elementor-element-244c5c3 elementor-widget elementor-widget-ld_button\" data-id=\"244c5c3\" data-element_type=\"widget\" data-e-type=\"widget\" data-widget_type=\"ld_button.default\">\n\t\t\t\t<div class=\"elementor-widget-container\">\n\t\t\t\t\t\n\t\t\t<a\n\t\t\t\thref=\"https:\/\/thedunesagency.com\/fr\/contact\/\"class=\"elementor-button btn btn-solid btn-icon-shaped btn-has-label\"\t\t\t>\n\t\t\t\t\t\t\t\t\t<span data-text=\"Request Portfolio\" class=\"btn-txt\">\n\t\t\t\t\t\tD\u00e9couvrez notre portfolio\t\t\t\t\t<\/span>\n\t\t\t\t\t\t\t\t\t\t\t<\/a>\n\t\t\t\t\t\t\t<\/div>\n\t\t\t\t<\/div>\n\t\t\t\t<\/div>\n\t\t\t\t<\/div>\n\t\t\t\t<\/div>\n\t\t\t\t<\/div>","protected":false},"excerpt":{"rendered":"<p>Branding &amp; development Unleash Your OnlinePotential with Exceptional Websites You Deserve Exceptional Websites Our Web Development Management service maximizes your online presence. We create stunning websites that drive success. \u2028 We understand your unique needs and goals. Our experts plan and execute tailored strategies for seamless user experience. From concept to deployment, we handle every [&hellip;]<\/p>","protected":false},"author":1,"featured_media":0,"parent":0,"menu_order":0,"comment_status":"closed","ping_status":"closed","template":"","meta":{"footnotes":""},"class_list":["post-11641","page","type-page","status-publish","hentry"],"yoast_head":"<!-- This site is optimized with the Yoast SEO plugin v26.1.1 - https:\/\/yoast.com\/wordpress\/plugins\/seo\/ -->\n<title>Branding &amp; Development - The Dunes Agency<\/title>\n<meta name=\"robots\" content=\"index, follow, max-snippet:-1, max-image-preview:large, max-video-preview:-1\" \/>\n<link rel=\"canonical\" href=\"https:\/\/moccasin-goshawk-175258.hostingersite.com\/brand-dev\/\" \/>\n<meta property=\"og:locale\" content=\"fr_CA\" \/>\n<meta property=\"og:type\" content=\"article\" \/>\n<meta property=\"og:title\" content=\"Branding &amp; Development - The Dunes Agency\" \/>\n<meta property=\"og:description\" content=\"Branding &amp; development Unleash Your OnlinePotential with Exceptional Websites You Deserve Exceptional Websites Our Web Development Management service maximizes your online presence. We create stunning websites that drive success. \u2028 We understand your unique needs and goals. Our experts plan and execute tailored strategies for seamless user experience. From concept to deployment, we handle every [&hellip;]\" \/>\n<meta property=\"og:url\" content=\"https:\/\/moccasin-goshawk-175258.hostingersite.com\/brand-dev\/\" \/>\n<meta property=\"og:site_name\" content=\"The Dunes Agency\" \/>\n<meta property=\"article:modified_time\" content=\"2023-12-08T12:22:22+00:00\" \/>\n<meta property=\"og:image\" content=\"https:\/\/moccasin-goshawk-175258.hostingersite.com\/wp-content\/uploads\/2023\/11\/Group-343.svg\" \/>\n<meta name=\"twitter:card\" content=\"summary_large_image\" \/>\n<meta name=\"twitter:label1\" content=\"Estimation du temps de lecture\" \/>\n\t<meta name=\"twitter:data1\" content=\"2 minutes\" \/>\n<script type=\"application\/ld+json\" class=\"yoast-schema-graph\">{\"@context\":\"https:\/\/schema.org\",\"@graph\":[{\"@type\":\"WebPage\",\"@id\":\"https:\/\/moccasin-goshawk-175258.hostingersite.com\/brand-dev\/\",\"url\":\"https:\/\/moccasin-goshawk-175258.hostingersite.com\/brand-dev\/\",\"name\":\"Branding & Development - The Dunes Agency\",\"isPartOf\":{\"@id\":\"https:\/\/moccasin-goshawk-175258.hostingersite.com\/#website\"},\"primaryImageOfPage\":{\"@id\":\"https:\/\/moccasin-goshawk-175258.hostingersite.com\/brand-dev\/#primaryimage\"},\"image\":{\"@id\":\"https:\/\/moccasin-goshawk-175258.hostingersite.com\/brand-dev\/#primaryimage\"},\"thumbnailUrl\":\"https:\/\/thedunesagency.com\/wp-content\/uploads\/2023\/11\/Group-343.svg\",\"datePublished\":\"2023-11-06T15:47:40+00:00\",\"dateModified\":\"2023-12-08T12:22:22+00:00\",\"breadcrumb\":{\"@id\":\"https:\/\/moccasin-goshawk-175258.hostingersite.com\/brand-dev\/#breadcrumb\"},\"inLanguage\":\"fr-CA\",\"potentialAction\":[{\"@type\":\"ReadAction\",\"target\":[\"https:\/\/moccasin-goshawk-175258.hostingersite.com\/brand-dev\/\"]}]},{\"@type\":\"ImageObject\",\"inLanguage\":\"fr-CA\",\"@id\":\"https:\/\/moccasin-goshawk-175258.hostingersite.com\/brand-dev\/#primaryimage\",\"url\":\"https:\/\/thedunesagency.com\/wp-content\/uploads\/2023\/11\/Group-343.svg\",\"contentUrl\":\"https:\/\/thedunesagency.com\/wp-content\/uploads\/2023\/11\/Group-343.svg\"},{\"@type\":\"BreadcrumbList\",\"@id\":\"https:\/\/moccasin-goshawk-175258.hostingersite.com\/brand-dev\/#breadcrumb\",\"itemListElement\":[{\"@type\":\"ListItem\",\"position\":1,\"name\":\"Home\",\"item\":\"https:\/\/thedunesagency.com\/\"},{\"@type\":\"ListItem\",\"position\":2,\"name\":\"Branding &#038; Development\"}]},{\"@type\":\"WebSite\",\"@id\":\"https:\/\/moccasin-goshawk-175258.hostingersite.com\/#website\",\"url\":\"https:\/\/moccasin-goshawk-175258.hostingersite.com\/\",\"name\":\"The Dunes Agency\",\"description\":\"\",\"publisher\":{\"@id\":\"https:\/\/moccasin-goshawk-175258.hostingersite.com\/#organization\"},\"potentialAction\":[{\"@type\":\"SearchAction\",\"target\":{\"@type\":\"EntryPoint\",\"urlTemplate\":\"https:\/\/moccasin-goshawk-175258.hostingersite.com\/?s={search_term_string}\"},\"query-input\":{\"@type\":\"PropertyValueSpecification\",\"valueRequired\":true,\"valueName\":\"search_term_string\"}}],\"inLanguage\":\"fr-CA\"},{\"@type\":\"Organization\",\"@id\":\"https:\/\/moccasin-goshawk-175258.hostingersite.com\/#organization\",\"name\":\"The Dunes Agency\",\"url\":\"https:\/\/moccasin-goshawk-175258.hostingersite.com\/\",\"logo\":{\"@type\":\"ImageObject\",\"inLanguage\":\"fr-CA\",\"@id\":\"https:\/\/moccasin-goshawk-175258.hostingersite.com\/#\/schema\/logo\/image\/\",\"url\":\"https:\/\/thedunesagency.com\/wp-content\/uploads\/2020\/11\/DUNES-Dunes-Logo-Black.png\",\"contentUrl\":\"https:\/\/thedunesagency.com\/wp-content\/uploads\/2020\/11\/DUNES-Dunes-Logo-Black.png\",\"width\":1794,\"height\":427,\"caption\":\"The Dunes Agency\"},\"image\":{\"@id\":\"https:\/\/moccasin-goshawk-175258.hostingersite.com\/#\/schema\/logo\/image\/\"}}]}<\/script>\n<!-- \/ Yoast SEO plugin. -->","yoast_head_json":{"title":"Branding & Development - The Dunes Agency","robots":{"index":"index","follow":"follow","max-snippet":"max-snippet:-1","max-image-preview":"max-image-preview:large","max-video-preview":"max-video-preview:-1"},"canonical":"https:\/\/moccasin-goshawk-175258.hostingersite.com\/brand-dev\/","og_locale":"fr_CA","og_type":"article","og_title":"Branding & Development - The Dunes Agency","og_description":"Branding &amp; development Unleash Your OnlinePotential with Exceptional Websites You Deserve Exceptional Websites Our Web Development Management service maximizes your online presence. We create stunning websites that drive success. \u2028 We understand your unique needs and goals. Our experts plan and execute tailored strategies for seamless user experience. From concept to deployment, we handle every [&hellip;]","og_url":"https:\/\/moccasin-goshawk-175258.hostingersite.com\/brand-dev\/","og_site_name":"The Dunes Agency","article_modified_time":"2023-12-08T12:22:22+00:00","og_image":[{"url":"https:\/\/moccasin-goshawk-175258.hostingersite.com\/wp-content\/uploads\/2023\/11\/Group-343.svg","type":"","width":"","height":""}],"twitter_card":"summary_large_image","twitter_misc":{"Estimation du temps de lecture":"2 minutes"},"schema":{"@context":"https:\/\/schema.org","@graph":[{"@type":"WebPage","@id":"https:\/\/moccasin-goshawk-175258.hostingersite.com\/brand-dev\/","url":"https:\/\/moccasin-goshawk-175258.hostingersite.com\/brand-dev\/","name":"Branding & Development - The Dunes Agency","isPartOf":{"@id":"https:\/\/moccasin-goshawk-175258.hostingersite.com\/#website"},"primaryImageOfPage":{"@id":"https:\/\/moccasin-goshawk-175258.hostingersite.com\/brand-dev\/#primaryimage"},"image":{"@id":"https:\/\/moccasin-goshawk-175258.hostingersite.com\/brand-dev\/#primaryimage"},"thumbnailUrl":"https:\/\/thedunesagency.com\/wp-content\/uploads\/2023\/11\/Group-343.svg","datePublished":"2023-11-06T15:47:40+00:00","dateModified":"2023-12-08T12:22:22+00:00","breadcrumb":{"@id":"https:\/\/moccasin-goshawk-175258.hostingersite.com\/brand-dev\/#breadcrumb"},"inLanguage":"fr-CA","potentialAction":[{"@type":"ReadAction","target":["https:\/\/moccasin-goshawk-175258.hostingersite.com\/brand-dev\/"]}]},{"@type":"ImageObject","inLanguage":"fr-CA","@id":"https:\/\/moccasin-goshawk-175258.hostingersite.com\/brand-dev\/#primaryimage","url":"https:\/\/thedunesagency.com\/wp-content\/uploads\/2023\/11\/Group-343.svg","contentUrl":"https:\/\/thedunesagency.com\/wp-content\/uploads\/2023\/11\/Group-343.svg"},{"@type":"BreadcrumbList","@id":"https:\/\/moccasin-goshawk-175258.hostingersite.com\/brand-dev\/#breadcrumb","itemListElement":[{"@type":"ListItem","position":1,"name":"Home","item":"https:\/\/thedunesagency.com\/"},{"@type":"ListItem","position":2,"name":"Branding &#038; Development"}]},{"@type":"WebSite","@id":"https:\/\/moccasin-goshawk-175258.hostingersite.com\/#website","url":"https:\/\/moccasin-goshawk-175258.hostingersite.com\/","name":"The Dunes Agency","description":"","publisher":{"@id":"https:\/\/moccasin-goshawk-175258.hostingersite.com\/#organization"},"potentialAction":[{"@type":"SearchAction","target":{"@type":"EntryPoint","urlTemplate":"https:\/\/moccasin-goshawk-175258.hostingersite.com\/?s={search_term_string}"},"query-input":{"@type":"PropertyValueSpecification","valueRequired":true,"valueName":"search_term_string"}}],"inLanguage":"fr-CA"},{"@type":"Organization","@id":"https:\/\/moccasin-goshawk-175258.hostingersite.com\/#organization","name":"The Dunes Agency","url":"https:\/\/moccasin-goshawk-175258.hostingersite.com\/","logo":{"@type":"ImageObject","inLanguage":"fr-CA","@id":"https:\/\/moccasin-goshawk-175258.hostingersite.com\/#\/schema\/logo\/image\/","url":"https:\/\/thedunesagency.com\/wp-content\/uploads\/2020\/11\/DUNES-Dunes-Logo-Black.png","contentUrl":"https:\/\/thedunesagency.com\/wp-content\/uploads\/2020\/11\/DUNES-Dunes-Logo-Black.png","width":1794,"height":427,"caption":"The Dunes Agency"},"image":{"@id":"https:\/\/moccasin-goshawk-175258.hostingersite.com\/#\/schema\/logo\/image\/"}}]}},"_links":{"self":[{"href":"https:\/\/thedunesagency.com\/fr\/wp-json\/wp\/v2\/pages\/11641","targetHints":{"allow":["GET"]}}],"collection":[{"href":"https:\/\/thedunesagency.com\/fr\/wp-json\/wp\/v2\/pages"}],"about":[{"href":"https:\/\/thedunesagency.com\/fr\/wp-json\/wp\/v2\/types\/page"}],"author":[{"embeddable":true,"href":"https:\/\/thedunesagency.com\/fr\/wp-json\/wp\/v2\/users\/1"}],"replies":[{"embeddable":true,"href":"https:\/\/thedunesagency.com\/fr\/wp-json\/wp\/v2\/comments?post=11641"}],"version-history":[{"count":167,"href":"https:\/\/thedunesagency.com\/fr\/wp-json\/wp\/v2\/pages\/11641\/revisions"}],"predecessor-version":[{"id":13782,"href":"https:\/\/thedunesagency.com\/fr\/wp-json\/wp\/v2\/pages\/11641\/revisions\/13782"}],"wp:attachment":[{"href":"https:\/\/thedunesagency.com\/fr\/wp-json\/wp\/v2\/media?parent=11641"}],"curies":[{"name":"wp","href":"https:\/\/api.w.org\/{rel}","templated":true}]}}